{"id":128,"date":"2025-12-09T20:19:44","date_gmt":"2025-12-09T19:19:44","guid":{"rendered":"http:\/\/kmbcatalyst.pl\/?page_id=128"},"modified":"2026-01-04T16:36:37","modified_gmt":"2026-01-04T15:36:37","slug":"dofinansowanie","status":"publish","type":"page","link":"https:\/\/kmbcatalyst.pl\/index.php\/dofinansowanie\/","title":{"rendered":"Dofinansowanie"},"content":{"rendered":"\t\t<div data-elementor-type=\"wp-page\" data-elementor-id=\"128\" class=\"elementor elementor-128\">\n\t\t\t\t<div class=\"elementor-element elementor-element-bae4a2e e-flex e-con-boxed e-con e-parent\" data-id=\"bae4a2e\" data-element_type=\"container\">\n\t\t\t\t\t<div class=\"e-con-inner\">\n\t\t<div class=\"elementor-element elementor-element-ef54981 e-con-full e-flex e-con e-child\" data-id=\"ef54981\" data-element_type=\"container\">\n\t\t\t\t<div class=\"elementor-element elementor-element-774af91 elementor-widget elementor-widget-text-editor\" data-id=\"774af91\" data-element_type=\"widget\" data-widget_type=\"text-editor.default\">\n\t\t\t\t\t\t\t\t\t<p><span style=\"color: #000000;\"><span style=\"font-size: medium;\"><b>Dofinansowanie:<\/b><\/span><\/span><\/p><h6>Projekt jest realizowany przy wsparciu finansowym <b>Funduszy Europejskich dla Nowoczesnej Gospodarki (FENG)<\/b> w ramach dzia\u0142ania <b>\u015acie\u017cka SMART<\/b>, zgodnie z zasadami okre\u015blonymi przez Polsk\u0105 Agencj\u0119 Rozwoju Przedsi\u0119biorczo\u015bci.<\/h6><ul><li><h6>Wydatki og\u00f3\u0142em: 10 067 821.35 PLN<\/h6><\/li><li><h6>Dofinansowanie: 7 209 857.81 PLN<\/h6><\/li><\/ul>\t\t\t\t\t\t\t\t<\/div>\n\t\t\t\t<\/div>\n\t\t\t\t<div class=\"elementor-element elementor-element-9a5d0c4 elementor-widget elementor-widget-image\" data-id=\"9a5d0c4\" data-element_type=\"widget\" data-widget_type=\"image.default\">\n\t\t\t\t\t\t\t\t\t\t\t\t\t\t\t<img fetchpriority=\"high\" decoding=\"async\" width=\"1024\" height=\"729\" src=\"https:\/\/kmbcatalyst.pl\/wp-content\/uploads\/2025\/12\/PlakataKMB-2-1024x729.png\" class=\"attachment-large size-large wp-image-140\" alt=\"\" srcset=\"https:\/\/kmbcatalyst.pl\/wp-content\/uploads\/2025\/12\/PlakataKMB-2-1024x729.png 1024w, https:\/\/kmbcatalyst.pl\/wp-content\/uploads\/2025\/12\/PlakataKMB-2-300x214.png 300w, https:\/\/kmbcatalyst.pl\/wp-content\/uploads\/2025\/12\/PlakataKMB-2-768x547.png 768w, https:\/\/kmbcatalyst.pl\/wp-content\/uploads\/2025\/12\/PlakataKMB-2-1536x1093.png 1536w, https:\/\/kmbcatalyst.pl\/wp-content\/uploads\/2025\/12\/PlakataKMB-2-2048x1458.png 2048w\" sizes=\"(max-width: 1024px) 100vw, 1024px\" \/>\t\t\t\t\t\t\t\t\t\t\t\t\t\t\t<\/div>\n\t\t\t\t\t<\/div>\n\t\t\t\t<\/div>\n\t\t\t\t<\/div>\n\t\t","protected":false},"excerpt":{"rendered":"<p>Dofinansowanie: Projekt jest realizowany przy wsparciu finansowym Funduszy Europejskich dla Nowoczesnej Gospodarki (FENG) w ramach dzia\u0142ania \u015acie\u017cka SMART, zgodnie z [&hellip;]<\/p>\n","protected":false},"author":1,"featured_media":0,"parent":0,"menu_order":0,"comment_status":"closed","ping_status":"closed","template":"","meta":{"site-sidebar-layout":"no-sidebar","site-content-layout":"","ast-site-content-layout":"full-width-container","site-content-style":"default","site-sidebar-style":"default","ast-global-header-display":"","ast-banner-title-visibility":"","ast-main-header-display":"","ast-hfb-above-header-display":"","ast-hfb-below-header-display":"","ast-hfb-mobile-header-display":"","site-post-title":"disabled","ast-breadcrumbs-content":"","ast-featured-img":"disabled","footer-sml-layout":"","ast-disable-related-posts":"","theme-transparent-header-meta":"","adv-header-id-meta":"","stick-header-meta":"","header-above-stick-meta":"","header-main-stick-meta":"","header-below-stick-meta":"","astra-migrate-meta-layouts":"default","ast-page-background-enabled":"default","ast-page-background-meta":{"desktop":{"background-color":"var(--ast-global-color-5)","background-image":"","background-repeat":"repeat","background-position":"center center","background-size":"auto","background-attachment":"scroll","background-type":"","background-media":"","overlay-type":"","overlay-color":"","overlay-opacity":"","overlay-gradient":""},"tablet":{"background-color":"","background-image":"","background-repeat":"repeat","background-position":"center center","background-size":"auto","background-attachment":"scroll","background-type":"","background-media":"","overlay-type":"","overlay-color":"","overlay-opacity":"","overlay-gradient":""},"mobile":{"background-color":"","background-image":"","background-repeat":"repeat","background-position":"center center","background-size":"auto","background-attachment":"scroll","background-type":"","background-media":"","overlay-type":"","overlay-color":"","overlay-opacity":"","overlay-gradient":""}},"ast-content-background-meta":{"desktop":{"background-color":"var(--ast-global-color-4)","background-image":"","background-repeat":"repeat","background-position":"center center","background-size":"auto","background-attachment":"scroll","background-type":"","background-media":"","overlay-type":"","overlay-color":"","overlay-opacity":"","overlay-gradient":""},"tablet":{"background-color":"var(--ast-global-color-4)","background-image":"","background-repeat":"repeat","background-position":"center center","background-size":"auto","background-attachment":"scroll","background-type":"","background-media":"","overlay-type":"","overlay-color":"","overlay-opacity":"","overlay-gradient":""},"mobile":{"background-color":"var(--ast-global-color-4)","background-image":"","background-repeat":"repeat","background-position":"center center","background-size":"auto","background-attachment":"scroll","background-type":"","background-media":"","overlay-type":"","overlay-color":"","overlay-opacity":"","overlay-gradient":""}},"footnotes":""},"class_list":["post-128","page","type-page","status-publish","hentry"],"_links":{"self":[{"href":"https:\/\/kmbcatalyst.pl\/index.php\/wp-json\/wp\/v2\/pages\/128","targetHints":{"allow":["GET"]}}],"collection":[{"href":"https:\/\/kmbcatalyst.pl\/index.php\/wp-json\/wp\/v2\/pages"}],"about":[{"href":"https:\/\/kmbcatalyst.pl\/index.php\/wp-json\/wp\/v2\/types\/page"}],"author":[{"embeddable":true,"href":"https:\/\/kmbcatalyst.pl\/index.php\/wp-json\/wp\/v2\/users\/1"}],"replies":[{"embeddable":true,"href":"https:\/\/kmbcatalyst.pl\/index.php\/wp-json\/wp\/v2\/comments?post=128"}],"version-history":[{"count":14,"href":"https:\/\/kmbcatalyst.pl\/index.php\/wp-json\/wp\/v2\/pages\/128\/revisions"}],"predecessor-version":[{"id":189,"href":"https:\/\/kmbcatalyst.pl\/index.php\/wp-json\/wp\/v2\/pages\/128\/revisions\/189"}],"wp:attachment":[{"href":"https:\/\/kmbcatalyst.pl\/index.php\/wp-json\/wp\/v2\/media?parent=128"}],"curies":[{"name":"wp","href":"https:\/\/api.w.org\/{rel}","templated":true}]}}